{"id":1145,"date":"2020-01-02T10:26:14","date_gmt":"2020-01-02T10:26:14","guid":{"rendered":"https:\/\/piscicultorafarense.pt\/?page_id=1145"},"modified":"2020-05-26T10:27:31","modified_gmt":"2020-05-26T10:27:31","slug":"a-nossa-dourada","status":"publish","type":"page","link":"https:\/\/piscicultorafarense.pt\/?page_id=1145","title":{"rendered":"A nossa Dourada"},"content":{"rendered":"<p><div class=\"fusion-fullwidth fullwidth-box fusion-builder-row-1 nonhundred-percent-fullwidth non-hundred-percent-height-scrolling fusion-equal-height-columns\"  style='background-color: rgba(255,255,255,0);background-position: left top;background-repeat: no-repeat;padding-top:50px;padding-right:0px;padding-left:0px;border-top-width:0px;border-bottom-width:0px;border-color:#eae9e9;border-top-style:solid;border-bottom-style:solid;'><div class=\"fusion-builder-row fusion-row \"><div  class=\"fusion-layout-column fusion_builder_column fusion_builder_column_1_2 fusion-builder-column-0 fusion-one-half fusion-column-first 1_2\"  style='margin-top:0px;margin-bottom:0px;width:50%;width:calc(50% - ( ( 4% ) * 0.5 ) );margin-right: 4%;'><div class=\"fusion-column-wrapper\" style=\"padding: 0px 0px 0px 0px;background-position:left top;background-repeat:no-repeat;-webkit-background-size:cover;-moz-background-size:cover;-o-background-size:cover;background-size:cover;\"   data-bg-url=\"\"><div class=\"fusion-text\"><h2>A nossa Dourada<\/h2>\n<\/div><div class=\"fusion-sep-clear\"><\/div><div class=\"fusion-separator fusion-full-width-sep sep-none\" style=\"margin-left: auto;margin-right: auto;margin-top:20px;\"><\/div><div class=\"fusion-text\"><p><span lang=\"PT-BR\">Na \u201cPesca da Ria\u201d a cultura \u00e9 semi-intensiva. A \u00e1gua dos tanques \u00e9 renovada duas vezes por dia pelas mar\u00e9s e a temperatura da agua tem uma reduzidaa amplitude anual (no Algarve existem Invernos e Ver\u00f5es suaves), favorecendo o crescimento e a resist\u00eancia dos peixes a doen\u00e7as.<br \/>\n<\/span><u><\/u><u><\/u><span lang=\"PT-BR\">As maternidades certificadas disponibilizam juvenis durante quase todo o ano, os quais crescem nos nossos tanques.<br \/>\n<\/span><u><\/u><u><\/u><span lang=\"PT-BR\">O ciclo produtivo dura entre 14 e 25 meses, altura em que o nosso peixe atinge o seu tamanho comercial, entre as 400g e o quilo.<br \/>\n<\/span><u><\/u><u><\/u><span lang=\"PT-BR\">As nossas Douradas s\u00e3o criadas em regime semi-intensivo, ou seja, uma combina\u00e7\u00e3o de alimento composto espec\u00edfico para dourada com alimentos naturais, como crust\u00e1ceos (camarinha, art\u00e9mia, etc), bivalves (ameijoa, berbig\u00e3o, etc), poliquetas (anel\u00eddeos). Deste modo, o aspecto, sabor, textura e qualidade nutricional da nossa dourada revelam-se superiores e est\u00e1veis ao longo de todo o ano.<\/span><u><\/u><u><\/u><\/p>\n<\/div><div class=\"fusion-text\"><p><span lang=\"PT-BR\"><strong>Frescura &#8211; <\/strong>O produto chega ao mercado nacional e europeu \u00a0de 24 a 48 horas horas ap\u00f3s a captura.<\/span><u><\/u><u><\/u><\/p>\n<p><span lang=\"PT-BR\"><strong>Sabor &#8211;<\/strong> Devido \u00e0 qualidade da \u00e1gua, do sedimento e da forte componente natural na nutri\u00e7\u00e3o o seu sabor a mar \u00e9 inconfund\u00edvel.<\/span><u><\/u><u><\/u><\/p>\n<p><span lang=\"PT-BR\"><strong>Mais nutritivo &#8211;<\/strong> Por ser alimentado pela riqueza da Ria Formosa em nutrientes e alimento natural proporciona um alimento nutritivo e saud\u00e1vel.<\/span><u><\/u><u><\/u><\/p>\n<p><span lang=\"PT-BR\"><strong>Rastreabilidade &#8211;<\/strong>\u00a0\u00c9 conhecido todo o percurso do peixe, desde a sua origem at\u00e9 ser comercializado.<\/span><u><\/u><u><\/u><\/p>\n<p><span lang=\"PT-BR\"><strong>Apresenta\u00e7\u00e3o &#8211;<\/strong> O abate do peixe por redu\u00e7\u00e3o r\u00e1pida da temperatura interna mant\u00e9m intacta a sua excecional qualidade e alonga o per\u00edodo de conserva\u00e7\u00e3o em fresco.<\/span><u><\/u><u><\/u><\/p>\n<p><span lang=\"PT-BR\"><strong>Expedi\u00e7\u00e3o &#8211;<\/strong> Atrav\u00e9s de transporte terrestre ou a\u00e9reo, garantimos a entrega do peixe do dia \u00a0at\u00e9 24 a 48 h ap\u00f3s a sua captura. O acesso di\u00e1rio \u00e0s principais cidades europeias \u00e9 feito atrav\u00e9s do Aeroporto Internacional de Faro.<br \/>\n<\/span><u><\/u><u><\/u><span lang=\"PT-BR\">Diariamente enviamos para expedi\u00e7\u00e3o diferentes calibres \u00a0de Douradas que s\u00e3o depois devidamente acondicionados e embalados de forma a manter toda a sua frescura.<\/span><\/p>\n<\/div><div class=\"fusion-clearfix\"><\/div><\/div><\/div><div  class=\"fusion-layout-column fusion_builder_column fusion_builder_column_1_2 fusion-builder-column-1 fusion-one-half fusion-column-last 1_2\"  style='margin-top:0px;margin-bottom:0px;width:50%;width:calc(50% - ( ( 4% ) * 0.5 ) );'><div class=\"fusion-column-wrapper\" style=\"padding: 20px 0px 20px 0px;background-position:left top;background-repeat:no-repeat;-webkit-background-size:cover;-moz-background-size:cover;-o-background-size:cover;background-size:cover;\"   data-bg-url=\"\"><span class=\"fusion-imageframe imageframe-none imageframe-1 hover-type-none\"><img decoding=\"async\" src=\"https:\/\/piscicultorafarense.pt\/wp-content\/uploads\/2019\/12\/douradas-600x600.jpg\" width=\"600\" height=\"600\" alt=\"\" title=\"douradas\" class=\"img-responsive wp-image-1095\" srcset=\"https:\/\/piscicultorafarense.pt\/wp-content\/uploads\/2019\/12\/douradas-200x200.jpg 200w, https:\/\/piscicultorafarense.pt\/wp-content\/uploads\/2019\/12\/douradas-400x400.jpg 400w, https:\/\/piscicultorafarense.pt\/wp-content\/uploads\/2019\/12\/douradas-600x600.jpg 600w, https:\/\/piscicultorafarense.pt\/wp-content\/uploads\/2019\/12\/douradas-800x800.jpg 800w, https:\/\/piscicultorafarense.pt\/wp-content\/uploads\/2019\/12\/douradas.jpg 1000w\" sizes=\"(max-width: 800px) 100vw, 600px\" \/><\/span><div class=\"fusion-sep-clear\"><\/div><div class=\"fusion-separator fusion-full-width-sep sep-none\" style=\"margin-left: auto;margin-right: auto;margin-top:20px;\"><\/div><div class=\"fusion-text\"><h2 style=\"text-align: center;\">A nossa Marca<\/h2>\n<\/div><div class=\"imageframe-align-center\"><span class=\"fusion-imageframe imageframe-none imageframe-2 hover-type-none\"><img decoding=\"async\" src=\"https:\/\/piscicultorafarense.pt\/wp-content\/uploads\/2020\/05\/logo_pescadaria.jpg\" width=\"404\" height=\"336\" alt=\"\" title=\"logo_pescadaria\" class=\"img-responsive wp-image-1355\" srcset=\"https:\/\/piscicultorafarense.pt\/wp-content\/uploads\/2020\/05\/logo_pescadaria-200x166.jpg 200w, https:\/\/piscicultorafarense.pt\/wp-content\/uploads\/2020\/05\/logo_pescadaria-400x333.jpg 400w, https:\/\/piscicultorafarense.pt\/wp-content\/uploads\/2020\/05\/logo_pescadaria.jpg 404w\" sizes=\"(max-width: 800px) 100vw, 404px\" \/><\/span><\/div><div class=\"fusion-clearfix\"><\/div><\/div><\/div><\/div><\/div><div class=\"fusion-fullwidth fullwidth-box fusion-builder-row-2 nonhundred-percent-fullwidth non-hundred-percent-height-scrolling\"  style='background-color: rgba(255,255,255,0);background-position: center center;background-repeat: no-repeat;padding-top:0px;padding-right:0px;padding-bottom:50px;padding-left:0px;'><div class=\"fusion-builder-row fusion-row \"><div  class=\"fusion-layout-column fusion_builder_column fusion_builder_column_1_2 fusion-builder-column-2 fusion-one-half fusion-column-first 1_2\"  style='margin-top:0px;margin-bottom:0px;width:48%; margin-right: 4%;'><div class=\"fusion-column-wrapper\" style=\"padding: 20px 0px 20px 0px;background-position:left top;background-repeat:no-repeat;-webkit-background-size:cover;-moz-background-size:cover;-o-background-size:cover;background-size:cover;\"   data-bg-url=\"\"><span class=\"fusion-imageframe imageframe-none imageframe-3 hover-type-none\"><img decoding=\"async\" src=\"https:\/\/piscicultorafarense.pt\/wp-content\/uploads\/2020\/01\/douradas_1.jpg\" width=\"1000\" height=\"1000\" alt=\"\" title=\"douradas_1\" class=\"img-responsive wp-image-1158\" srcset=\"https:\/\/piscicultorafarense.pt\/wp-content\/uploads\/2020\/01\/douradas_1-200x200.jpg 200w, https:\/\/piscicultorafarense.pt\/wp-content\/uploads\/2020\/01\/douradas_1-400x400.jpg 400w, https:\/\/piscicultorafarense.pt\/wp-content\/uploads\/2020\/01\/douradas_1-600x600.jpg 600w, https:\/\/piscicultorafarense.pt\/wp-content\/uploads\/2020\/01\/douradas_1-800x800.jpg 800w, https:\/\/piscicultorafarense.pt\/wp-content\/uploads\/2020\/01\/douradas_1.jpg 1000w\" sizes=\"(max-width: 800px) 100vw, 600px\" \/><\/span><div class=\"fusion-clearfix\"><\/div><\/div><\/div><div  class=\"fusion-layout-column fusion_builder_column fusion_builder_column_1_2 fusion-builder-column-3 fusion-one-half fusion-column-last 1_2\"  style='margin-top:0px;margin-bottom:0px;width:48%'><div class=\"fusion-column-wrapper\" style=\"padding: 20px 0px 20px 0px;background-position:left top;background-repeat:no-repeat;-webkit-background-size:cover;-moz-background-size:cover;-o-background-size:cover;background-size:cover;\"   data-bg-url=\"\"><span class=\"fusion-imageframe imageframe-none imageframe-4 hover-type-none\"><img decoding=\"async\" src=\"https:\/\/piscicultorafarense.pt\/wp-content\/uploads\/2020\/01\/douradas_12.jpg\" width=\"1000\" height=\"1000\" alt=\"\" title=\"douradas_12\" class=\"img-responsive wp-image-1175\" srcset=\"https:\/\/piscicultorafarense.pt\/wp-content\/uploads\/2020\/01\/douradas_12-200x200.jpg 200w, https:\/\/piscicultorafarense.pt\/wp-content\/uploads\/2020\/01\/douradas_12-400x400.jpg 400w, https:\/\/piscicultorafarense.pt\/wp-content\/uploads\/2020\/01\/douradas_12-600x600.jpg 600w, https:\/\/piscicultorafarense.pt\/wp-content\/uploads\/2020\/01\/douradas_12-800x800.jpg 800w, https:\/\/piscicultorafarense.pt\/wp-content\/uploads\/2020\/01\/douradas_12.jpg 1000w\" sizes=\"(max-width: 800px) 100vw, 600px\" \/><\/span><div class=\"fusion-clearfix\"><\/div><\/div><\/div><\/div><\/div><style type=\"text\/css\">.fusion-fullwidth.fusion-builder-row-2 a:not(.fusion-button):not(.fusion-builder-module-control):not(.fusion-social-network-icon):not(.fb-icon-element):not(.fusion-countdown-link):not(.fusion-rollover-link):not(.fusion-rollover-gallery):not(.fusion-button-bar):not(.add_to_cart_button):not(.show_details_button):not(.product_type_external):not(.fusion-quick-view):not(.fusion-rollover-title-link):not(.fusion-breadcrumb-link) , .fusion-fullwidth.fusion-builder-row-2 a:not(.fusion-button):not(.fusion-builder-module-control):not(.fusion-social-network-icon):not(.fb-icon-element):not(.fusion-countdown-link):not(.fusion-rollover-link):not(.fusion-rollover-gallery):not(.fusion-button-bar):not(.add_to_cart_button):not(.show_details_button):not(.product_type_external):not(.fusion-quick-view):not(.fusion-rollover-title-link):not(.fusion-breadcrumb-link):before, .fusion-fullwidth.fusion-builder-row-2 a:not(.fusion-button):not(.fusion-builder-module-control):not(.fusion-social-network-icon):not(.fb-icon-element):not(.fusion-countdown-link):not(.fusion-rollover-link):not(.fusion-rollover-gallery):not(.fusion-button-bar):not(.add_to_cart_button):not(.show_details_button):not(.product_type_external):not(.fusion-quick-view):not(.fusion-rollover-title-link):not(.fusion-breadcrumb-link):after {color: rgba(50,54,67,0.5);}.fusion-fullwidth.fusion-builder-row-2 a:not(.fusion-button):not(.fusion-builder-module-control):not(.fusion-social-network-icon):not(.fb-icon-element):not(.fusion-countdown-link):not(.fusion-rollover-link):not(.fusion-rollover-gallery):not(.fusion-button-bar):not(.add_to_cart_button):not(.show_details_button):not(.product_type_external):not(.fusion-quick-view):not(.fusion-rollover-title-link):not(.fusion-breadcrumb-link):hover, .fusion-fullwidth.fusion-builder-row-2 a:not(.fusion-button):not(.fusion-builder-module-control):not(.fusion-social-network-icon):not(.fb-icon-element):not(.fusion-countdown-link):not(.fusion-rollover-link):not(.fusion-rollover-gallery):not(.fusion-button-bar):not(.add_to_cart_button):not(.show_details_button):not(.product_type_external):not(.fusion-quick-view):not(.fusion-rollover-title-link):not(.fusion-breadcrumb-link):hover:before, .fusion-fullwidth.fusion-builder-row-2 a:not(.fusion-button):not(.fusion-builder-module-control):not(.fusion-social-network-icon):not(.fb-icon-element):not(.fusion-countdown-link):not(.fusion-rollover-link):not(.fusion-rollover-gallery):not(.fusion-button-bar):not(.add_to_cart_button):not(.show_details_button):not(.product_type_external):not(.fusion-quick-view):not(.fusion-rollover-title-link):not(.fusion-breadcrumb-link):hover:after {color: #323443;}.fusion-fullwidth.fusion-builder-row-2 .pagination a.inactive:hover, .fusion-fullwidth.fusion-builder-row-2 .fusion-filters .fusion-filter.fusion-active a {border-color: #323443;}.fusion-fullwidth.fusion-builder-row-2 .pagination .current {border-color: #323443; background-color: #323443;}.fusion-fullwidth.fusion-builder-row-2 .fusion-filters .fusion-filter.fusion-active a, .fusion-fullwidth.fusion-builder-row-2 .fusion-date-and-formats .fusion-format-box, .fusion-fullwidth.fusion-builder-row-2 .fusion-popover, .fusion-fullwidth.fusion-builder-row-2 .tooltip-shortcode {color: #323443;}#main .fusion-fullwidth.fusion-builder-row-2 .post .blog-shortcode-post-title a:hover {color: #323443;}<\/style><\/p>\n","protected":false},"excerpt":{"rendered":"","protected":false},"author":4,"featured_media":0,"parent":0,"menu_order":0,"comment_status":"closed","ping_status":"closed","template":"100-width.php","meta":{"footnotes":""},"class_list":["post-1145","page","type-page","status-publish","hentry"],"_links":{"self":[{"href":"https:\/\/piscicultorafarense.pt\/index.php?rest_route=\/wp\/v2\/pages\/1145","targetHints":{"allow":["GET"]}}],"collection":[{"href":"https:\/\/piscicultorafarense.pt\/index.php?rest_route=\/wp\/v2\/pages"}],"about":[{"href":"https:\/\/piscicultorafarense.pt\/index.php?rest_route=\/wp\/v2\/types\/page"}],"author":[{"embeddable":true,"href":"https:\/\/piscicultorafarense.pt\/index.php?rest_route=\/wp\/v2\/users\/4"}],"replies":[{"embeddable":true,"href":"https:\/\/piscicultorafarense.pt\/index.php?rest_route=%2Fwp%2Fv2%2Fcomments&post=1145"}],"version-history":[{"count":33,"href":"https:\/\/piscicultorafarense.pt\/index.php?rest_route=\/wp\/v2\/pages\/1145\/revisions"}],"predecessor-version":[{"id":1356,"href":"https:\/\/piscicultorafarense.pt\/index.php?rest_route=\/wp\/v2\/pages\/1145\/revisions\/1356"}],"wp:attachment":[{"href":"https:\/\/piscicultorafarense.pt\/index.php?rest_route=%2Fwp%2Fv2%2Fmedia&parent=1145"}],"curies":[{"name":"wp","href":"https:\/\/api.w.org\/{rel}","templated":true}]}}