{"id":1195,"date":"2020-01-07T16:49:49","date_gmt":"2020-01-07T16:49:49","guid":{"rendered":"https:\/\/piscicultorafarense.pt\/?page_id=1195"},"modified":"2020-04-24T14:49:03","modified_gmt":"2020-04-24T14:49:03","slug":"ria-formosa","status":"publish","type":"page","link":"https:\/\/piscicultorafarense.pt\/?page_id=1195","title":{"rendered":"Ria Formosa"},"content":{"rendered":"<p><div class=\"fusion-fullwidth fullwidth-box fusion-builder-row-1 nonhundred-percent-fullwidth non-hundred-percent-height-scrolling fusion-equal-height-columns\"  style='background-color: rgba(255,255,255,0);background-position: left top;background-repeat: no-repeat;padding-top:50px;padding-right:0px;padding-left:0px;border-top-width:0px;border-bottom-width:0px;border-color:#eae9e9;border-top-style:solid;border-bottom-style:solid;'><div class=\"fusion-builder-row fusion-row \"><div  class=\"fusion-layout-column fusion_builder_column fusion_builder_column_1_2 fusion-builder-column-0 fusion-one-half fusion-column-first 1_2\"  style='margin-top:0px;margin-bottom:0px;width:50%;width:calc(50% - ( ( 4% ) * 0.5 ) );margin-right: 4%;'><div class=\"fusion-column-wrapper\" style=\"padding: 0px 0px 0px 0px;background-position:left top;background-repeat:no-repeat;-webkit-background-size:cover;-moz-background-size:cover;-o-background-size:cover;background-size:cover;\"   data-bg-url=\"\"><div class=\"fusion-text\"><h2>Ria Formosa<\/h2>\n<\/div><div class=\"fusion-sep-clear\"><\/div><div class=\"fusion-separator fusion-full-width-sep sep-none\" style=\"margin-left: auto;margin-right: auto;margin-top:20px;\"><\/div><div class=\"fusion-text\"><p><span lang=\"PT-BR\">Pela sua localiza\u00e7\u00e3o privilegiada e ecossistemas dotados de grande riqueza biol\u00f3gica, a Ria Formosa \u00e9 uma regi\u00e3o especial no Algarve. A sua \u00e1rea \u00e9 paralela \u00e0 costa, numa extens\u00e3o de cerca de 60 km que se estende desde Loul\u00e9 at\u00e9 Vila Real de Sto. Ant\u00f3nio.<br \/>\n<\/span><u><\/u><u><\/u><span lang=\"PT-BR\">Criada pelos avan\u00e7os e recuos do n\u00edvel do mar e influenciada pelo maremoto de 1755, a paisagem da Ria Formosa \u00e9 marcada por dunas, ilhas e barras para o alto mar, estando em movimento cont\u00ednuo de acordo com os ciclos das mar\u00e9s.<br \/>\n<\/span><u><\/u><u><\/u><span lang=\"PT-BR\">V\u00e1rias esp\u00e9cies de aves migrat\u00f3rias e de peixes do Atl\u00e2ntico Norte escolheram a Ria como abrigo e zona de reprodu\u00e7\u00e3o. Este foi um dos fatores que contribuiu para que, em 1987, a Ria recebesse a classifica\u00e7\u00e3o de Reserva Natural.<br \/>\n<\/span><u><\/u><u><\/u><span lang=\"PT-BR\">Entre as v\u00e1rias atividades produtivas desta regi\u00e3o destacam-se a moluscicultura, em particular a produ\u00e7\u00e3o de \u201cameijoa boa\u201d, a colheita de sal, a pesca de baixa escala e a piscicultura . Todas elas beneficiam da excelente qualidade destas \u00e1guas de baixa profundidade, t\u00e3o calmas e nutritivas. Seguramente, o local perfeito para a cria\u00e7\u00e3o das nossas douradas.<\/span><\/p>\n<\/div><div class=\"fusion-clearfix\"><\/div><\/div><\/div><div  class=\"fusion-layout-column fusion_builder_column fusion_builder_column_1_2 fusion-builder-column-1 fusion-one-half fusion-column-last 1_2\"  style='margin-top:0px;margin-bottom:0px;width:50%;width:calc(50% - ( ( 4% ) * 0.5 ) );'><div class=\"fusion-column-wrapper\" style=\"padding: 20px 0px 20px 0px;background-position:left top;background-repeat:no-repeat;-webkit-background-size:cover;-moz-background-size:cover;-o-background-size:cover;background-size:cover;\"   data-bg-url=\"\"><span class=\"fusion-imageframe imageframe-none imageframe-1 hover-type-none\"><img decoding=\"async\" src=\"https:\/\/piscicultorafarense.pt\/wp-content\/uploads\/2020\/01\/ria-600x600.jpg\" width=\"600\" height=\"600\" alt=\"\" title=\"ria\" class=\"img-responsive wp-image-1164\" srcset=\"https:\/\/piscicultorafarense.pt\/wp-content\/uploads\/2020\/01\/ria-200x200.jpg 200w, https:\/\/piscicultorafarense.pt\/wp-content\/uploads\/2020\/01\/ria-400x400.jpg 400w, https:\/\/piscicultorafarense.pt\/wp-content\/uploads\/2020\/01\/ria-600x600.jpg 600w, https:\/\/piscicultorafarense.pt\/wp-content\/uploads\/2020\/01\/ria-800x800.jpg 800w, https:\/\/piscicultorafarense.pt\/wp-content\/uploads\/2020\/01\/ria.jpg 1000w\" sizes=\"(max-width: 800px) 100vw, 600px\" \/><\/span><div class=\"fusion-clearfix\"><\/div><\/div><\/div><\/div><\/div><div class=\"fusion-fullwidth fullwidth-box fusion-builder-row-2 nonhundred-percent-fullwidth non-hundred-percent-height-scrolling\"  style='background-color: rgba(255,255,255,0);background-position: center center;background-repeat: no-repeat;padding-top:20px;padding-right:0px;padding-bottom:50px;padding-left:0px;'><div class=\"fusion-builder-row fusion-row \"><div  class=\"fusion-layout-column fusion_builder_column fusion_builder_column_1_2 fusion-builder-column-2 fusion-one-half fusion-column-first 1_2\"  style='margin-top:0px;margin-bottom:0px;width:48%; margin-right: 4%;'><div class=\"fusion-column-wrapper\" style=\"padding: 20px 0px 20px 0px;background-position:left top;background-repeat:no-repeat;-webkit-background-size:cover;-moz-background-size:cover;-o-background-size:cover;background-size:cover;\"   data-bg-url=\"\"><span class=\"fusion-imageframe imageframe-none imageframe-2 hover-type-none\"><img decoding=\"async\" src=\"https:\/\/piscicultorafarense.pt\/wp-content\/uploads\/2020\/01\/ria_3.jpg\" width=\"1000\" height=\"1000\" alt=\"\" title=\"ria_3\" class=\"img-responsive wp-image-1203\" srcset=\"https:\/\/piscicultorafarense.pt\/wp-content\/uploads\/2020\/01\/ria_3-200x200.jpg 200w, https:\/\/piscicultorafarense.pt\/wp-content\/uploads\/2020\/01\/ria_3-400x400.jpg 400w, https:\/\/piscicultorafarense.pt\/wp-content\/uploads\/2020\/01\/ria_3-600x600.jpg 600w, https:\/\/piscicultorafarense.pt\/wp-content\/uploads\/2020\/01\/ria_3-800x800.jpg 800w, https:\/\/piscicultorafarense.pt\/wp-content\/uploads\/2020\/01\/ria_3.jpg 1000w\" sizes=\"(max-width: 800px) 100vw, 600px\" \/><\/span><div class=\"fusion-clearfix\"><\/div><\/div><\/div><div  class=\"fusion-layout-column fusion_builder_column fusion_builder_column_1_2 fusion-builder-column-3 fusion-one-half fusion-column-last 1_2\"  style='margin-top:0px;margin-bottom:0px;width:48%'><div class=\"fusion-column-wrapper\" style=\"padding: 20px 0px 20px 0px;background-position:left top;background-repeat:no-repeat;-webkit-background-size:cover;-moz-background-size:cover;-o-background-size:cover;background-size:cover;\"   data-bg-url=\"\"><span class=\"fusion-imageframe imageframe-none imageframe-3 hover-type-none\"><img decoding=\"async\" src=\"https:\/\/piscicultorafarense.pt\/wp-content\/uploads\/2020\/01\/tanques_11.jpg\" width=\"1000\" height=\"1000\" alt=\"\" title=\"tanques_11\" class=\"img-responsive wp-image-1169\" srcset=\"https:\/\/piscicultorafarense.pt\/wp-content\/uploads\/2020\/01\/tanques_11-200x200.jpg 200w, https:\/\/piscicultorafarense.pt\/wp-content\/uploads\/2020\/01\/tanques_11-400x400.jpg 400w, https:\/\/piscicultorafarense.pt\/wp-content\/uploads\/2020\/01\/tanques_11-600x600.jpg 600w, https:\/\/piscicultorafarense.pt\/wp-content\/uploads\/2020\/01\/tanques_11-800x800.jpg 800w, https:\/\/piscicultorafarense.pt\/wp-content\/uploads\/2020\/01\/tanques_11.jpg 1000w\" sizes=\"(max-width: 800px) 100vw, 600px\" \/><\/span><div class=\"fusion-clearfix\"><\/div><\/div><\/div><\/div><\/div><style type=\"text\/css\">.fusion-fullwidth.fusion-builder-row-2 a:not(.fusion-button):not(.fusion-builder-module-control):not(.fusion-social-network-icon):not(.fb-icon-element):not(.fusion-countdown-link):not(.fusion-rollover-link):not(.fusion-rollover-gallery):not(.fusion-button-bar):not(.add_to_cart_button):not(.show_details_button):not(.product_type_external):not(.fusion-quick-view):not(.fusion-rollover-title-link):not(.fusion-breadcrumb-link) , .fusion-fullwidth.fusion-builder-row-2 a:not(.fusion-button):not(.fusion-builder-module-control):not(.fusion-social-network-icon):not(.fb-icon-element):not(.fusion-countdown-link):not(.fusion-rollover-link):not(.fusion-rollover-gallery):not(.fusion-button-bar):not(.add_to_cart_button):not(.show_details_button):not(.product_type_external):not(.fusion-quick-view):not(.fusion-rollover-title-link):not(.fusion-breadcrumb-link):before, .fusion-fullwidth.fusion-builder-row-2 a:not(.fusion-button):not(.fusion-builder-module-control):not(.fusion-social-network-icon):not(.fb-icon-element):not(.fusion-countdown-link):not(.fusion-rollover-link):not(.fusion-rollover-gallery):not(.fusion-button-bar):not(.add_to_cart_button):not(.show_details_button):not(.product_type_external):not(.fusion-quick-view):not(.fusion-rollover-title-link):not(.fusion-breadcrumb-link):after {color: rgba(50,54,67,0.5);}.fusion-fullwidth.fusion-builder-row-2 a:not(.fusion-button):not(.fusion-builder-module-control):not(.fusion-social-network-icon):not(.fb-icon-element):not(.fusion-countdown-link):not(.fusion-rollover-link):not(.fusion-rollover-gallery):not(.fusion-button-bar):not(.add_to_cart_button):not(.show_details_button):not(.product_type_external):not(.fusion-quick-view):not(.fusion-rollover-title-link):not(.fusion-breadcrumb-link):hover, .fusion-fullwidth.fusion-builder-row-2 a:not(.fusion-button):not(.fusion-builder-module-control):not(.fusion-social-network-icon):not(.fb-icon-element):not(.fusion-countdown-link):not(.fusion-rollover-link):not(.fusion-rollover-gallery):not(.fusion-button-bar):not(.add_to_cart_button):not(.show_details_button):not(.product_type_external):not(.fusion-quick-view):not(.fusion-rollover-title-link):not(.fusion-breadcrumb-link):hover:before, .fusion-fullwidth.fusion-builder-row-2 a:not(.fusion-button):not(.fusion-builder-module-control):not(.fusion-social-network-icon):not(.fb-icon-element):not(.fusion-countdown-link):not(.fusion-rollover-link):not(.fusion-rollover-gallery):not(.fusion-button-bar):not(.add_to_cart_button):not(.show_details_button):not(.product_type_external):not(.fusion-quick-view):not(.fusion-rollover-title-link):not(.fusion-breadcrumb-link):hover:after {color: #323443;}.fusion-fullwidth.fusion-builder-row-2 .pagination a.inactive:hover, .fusion-fullwidth.fusion-builder-row-2 .fusion-filters .fusion-filter.fusion-active a {border-color: #323443;}.fusion-fullwidth.fusion-builder-row-2 .pagination .current {border-color: #323443; background-color: #323443;}.fusion-fullwidth.fusion-builder-row-2 .fusion-filters .fusion-filter.fusion-active a, .fusion-fullwidth.fusion-builder-row-2 .fusion-date-and-formats .fusion-format-box, .fusion-fullwidth.fusion-builder-row-2 .fusion-popover, .fusion-fullwidth.fusion-builder-row-2 .tooltip-shortcode {color: #323443;}#main .fusion-fullwidth.fusion-builder-row-2 .post .blog-shortcode-post-title a:hover {color: #323443;}<\/style><\/p>\n","protected":false},"excerpt":{"rendered":"","protected":false},"author":4,"featured_media":0,"parent":0,"menu_order":0,"comment_status":"closed","ping_status":"closed","template":"100-width.php","meta":{"footnotes":""},"class_list":["post-1195","page","type-page","status-publish","hentry"],"_links":{"self":[{"href":"https:\/\/piscicultorafarense.pt\/index.php?rest_route=\/wp\/v2\/pages\/1195","targetHints":{"allow":["GET"]}}],"collection":[{"href":"https:\/\/piscicultorafarense.pt\/index.php?rest_route=\/wp\/v2\/pages"}],"about":[{"href":"https:\/\/piscicultorafarense.pt\/index.php?rest_route=\/wp\/v2\/types\/page"}],"author":[{"embeddable":true,"href":"https:\/\/piscicultorafarense.pt\/index.php?rest_route=\/wp\/v2\/users\/4"}],"replies":[{"embeddable":true,"href":"https:\/\/piscicultorafarense.pt\/index.php?rest_route=%2Fwp%2Fv2%2Fcomments&post=1195"}],"version-history":[{"count":8,"href":"https:\/\/piscicultorafarense.pt\/index.php?rest_route=\/wp\/v2\/pages\/1195\/revisions"}],"predecessor-version":[{"id":1332,"href":"https:\/\/piscicultorafarense.pt\/index.php?rest_route=\/wp\/v2\/pages\/1195\/revisions\/1332"}],"wp:attachment":[{"href":"https:\/\/piscicultorafarense.pt\/index.php?rest_route=%2Fwp%2Fv2%2Fmedia&parent=1195"}],"curies":[{"name":"wp","href":"https:\/\/api.w.org\/{rel}","templated":true}]}}